{"id":307,"date":"2020-03-31T22:50:49","date_gmt":"2020-03-31T20:50:49","guid":{"rendered":"http:\/\/kanalizacja.jaworzno.pl\/sokol\/?page_id=307"},"modified":"2020-06-21T22:14:02","modified_gmt":"2020-06-21T20:14:02","slug":"metodyka-badan","status":"publish","type":"page","link":"https:\/\/kanalizacja.jaworzno.pl\/sokol\/metodyka-badan\/","title":{"rendered":"Metodyka bada\u0144"},"content":{"rendered":"<p><img loading=\"lazy\" class=\"aligncenter wp-image-399 size-full\" src=\"http:\/\/kanalizacja.jaworzno.pl\/sokol\/wp-content\/uploads\/2020\/06\/met-2.jpg\" alt=\"\" width=\"1000\" height=\"400\" srcset=\"https:\/\/kanalizacja.jaworzno.pl\/sokol\/wp-content\/uploads\/2020\/06\/met-2.jpg 1000w, https:\/\/kanalizacja.jaworzno.pl\/sokol\/wp-content\/uploads\/2020\/06\/met-2-300x120.jpg 300w, https:\/\/kanalizacja.jaworzno.pl\/sokol\/wp-content\/uploads\/2020\/06\/met-2-768x307.jpg 768w\" sizes=\"(max-width: 1000px) 100vw, 1000px\" \/><\/p>\n<p style=\"text-align: justify;\">W celu sprawdzenia skuteczno\u015bci prowadzonego procesu realizowane s\u0105 badania laboratoryjne. Badania dotycz\u0105 okre\u015blenia poziomu nast\u0119puj\u0105cych parametr\u00f3w, charakteryzuj\u0105cych dan\u0105 matryc\u0119 \u015bciek\u00f3w (m.in.):<\/p>\n<ul style=\"text-align: justify;\">\n<li>parametry podstawowe: CHZT, BZT5, m\u0119tno\u015b\u0107, barwa, pH, azotyny<\/li>\n<li>farmaceutyki : sulfametoksazol, diklofenak, erytromycyna<\/li>\n<li>zwi\u0105zki kancerogenne : bromiany , chromiany<\/li>\n<li>badana b\u0119dzie toksyczno\u015b\u0107 \u015bciek\u00f3w (w kontek\u015bcie tworzenia zwi\u0105zk\u00f3w kancerogennych) za pomoc\u0105 test\u00f3w: Daphnia magna lub Selenastrum lub Vibrio fischeri lub Hydra vulgaris odpowiednich dla danej jako\u015bci \u015bciek\u00f3w surowych (bytowo gospodarczych \u2013 przemys\u0142owych)<\/li>\n<li>badania bakteriologiczne: bakterie grupy Coli w 36\u00b0C [jtk\/100 ml], bakterie Escherichia Coli w 36\u00b0C [jtk\/100 ml], liczba mikroorg. w 22\u00b0C [jtk\/1 ml], enterokoki 36\u00b0C [jtk\/100 ml], Clostridium perfringens.<\/li>\n<\/ul>\n<p style=\"text-align: justify;\">Dla wy\u017cej wymienionych parametr\u00f3w \u015bciek\u00f3w pobierane s\u0105 pr\u00f3by:<\/p>\n<ul style=\"text-align: justify;\">\n<li>na wej\u015bciu do systemu stopniowania dozowania powietrza zjonizowanego i ch\u0142odzenia \u015bciek\u00f3w (kaskada dw\u00f3ch aerator\u00f3w) niezb\u0119dne dla okre\u015blenia krytycznych parametr\u00f3w \u015bciek\u00f3w oraz wst\u0119pnych parametr\u00f3w pracy instalacji<\/li>\n<li>po pierwszym stopniu filtracji<\/li>\n<li>po kolumnach kontaktowych proces\u00f3w ozonowania<\/li>\n<li>po drugim stopniu filtracji<\/li>\n<li>po lampie UV.<\/li>\n<\/ul>\n<p style=\"text-align: justify;\">R\u00f3wnolegle prowadzona jest weryfikacja nast\u0119puj\u0105cych parametr\u00f3w \u015bciek\u00f3w:<\/p>\n<ul style=\"text-align: justify;\">\n<li>ozon resztkowy po procesach ozonowania<\/li>\n<li>BZT5 i CHZT<\/li>\n<li>m\u0119tno\u015b\u0107<\/li>\n<li>pH<\/li>\n<li>azotyny.<\/li>\n<\/ul>\n<p style=\"text-align: justify;\">Otrzymywane wyniki bada\u0144 s\u0105 por\u00f3wnywane przez zesp\u00f3\u0142 naukowy, a wnioski s\u0142u\u017c\u0105 do doskonalenia poszczeg\u00f3lnych proces\u00f3w jednostkowych oraz korekty budowy podzespo\u0142\u00f3w. Na bie\u017c\u0105co wyniki sprawdzane s\u0105 przez technologa \u015bciek\u00f3w w Wodoci\u0105gach Jaworzno. Natomiast na podstawie przeanalizowanych wynik\u00f3w przez zesp\u00f3\u0142 naukowy, powstaj\u0105 sprawozdania i wnioski dotycz\u0105ce zmian parametr\u00f3w prowadzonego procesu technologicznego m.in.<\/p>\n<ul style=\"text-align: justify;\">\n<li>czasu kontaktu ozonu ze \u015bciekami,<\/li>\n<li>ilo\u015bci ozonu resztkowego po procesach,<\/li>\n<li>sta\u0142ego czasu reakcji dla danej matrycy \u015bciek\u00f3w.<\/li>\n<\/ul>\n<p style=\"text-align: justify;\">W wyniku prac powstanie funkcjonalna metoda ozonowania \u015bciek\u00f3w, kt\u00f3ra pozwoli na usuwanie farmaceutyk\u00f3w ze \u015bciek\u00f3w bez powstawania kancerogennych produkt\u00f3w ubocznych.<\/p>\n","protected":false},"excerpt":{"rendered":"<p>W celu sprawdzenia skuteczno\u015bci prowadzonego procesu realizowane s\u0105 badania laboratoryjne. Badania dotycz\u0105 okre\u015blenia poziomu nast\u0119puj\u0105cych parametr\u00f3w, charakteryzuj\u0105cych dan\u0105 matryc\u0119 \u015bciek\u00f3w (m.in.): parametry podstawowe: CHZT, BZT5, m\u0119tno\u015b\u0107, barwa, pH, azotyny farmaceutyki : sulfametoksazol, diklofenak, erytromycyna zwi\u0105zki kancerogenne : bromiany , chromiany badana b\u0119dzie toksyczno\u015b\u0107 \u015bciek\u00f3w (w kontek\u015bcie tworzenia zwi\u0105zk\u00f3w kancerogennych) za pomoc\u0105 test\u00f3w: Daphnia magna lub &hellip;<\/p>\n<p class=\"read-more\"> <a class=\"\" href=\"https:\/\/kanalizacja.jaworzno.pl\/sokol\/metodyka-badan\/\"> <span class=\"screen-reader-text\">Metodyka bada\u0144<\/span> Read More &raquo;<\/a><\/p>\n","protected":false},"author":2,"featured_media":0,"parent":0,"menu_order":0,"comment_status":"closed","ping_status":"closed","template":"","meta":[],"_links":{"self":[{"href":"https:\/\/kanalizacja.jaworzno.pl\/sokol\/wp-json\/wp\/v2\/pages\/307"}],"collection":[{"href":"https:\/\/kanalizacja.jaworzno.pl\/sokol\/wp-json\/wp\/v2\/pages"}],"about":[{"href":"https:\/\/kanalizacja.jaworzno.pl\/sokol\/wp-json\/wp\/v2\/types\/page"}],"author":[{"embeddable":true,"href":"https:\/\/kanalizacja.jaworzno.pl\/sokol\/wp-json\/wp\/v2\/users\/2"}],"replies":[{"embeddable":true,"href":"https:\/\/kanalizacja.jaworzno.pl\/sokol\/wp-json\/wp\/v2\/comments?post=307"}],"version-history":[{"count":9,"href":"https:\/\/kanalizacja.jaworzno.pl\/sokol\/wp-json\/wp\/v2\/pages\/307\/revisions"}],"predecessor-version":[{"id":401,"href":"https:\/\/kanalizacja.jaworzno.pl\/sokol\/wp-json\/wp\/v2\/pages\/307\/revisions\/401"}],"wp:attachment":[{"href":"https:\/\/kanalizacja.jaworzno.pl\/sokol\/wp-json\/wp\/v2\/media?parent=307"}],"curies":[{"name":"wp","href":"https:\/\/api.w.org\/{rel}","templated":true}]}}